{"id":892,"date":"2025-02-27T14:32:53","date_gmt":"2025-02-27T12:32:53","guid":{"rendered":"https:\/\/mycream.ee\/pood\/hydrating-body-lotion-memoires-dete-%d1%83%d0%b2%d0%bb%d0%b0%d0%b6%d0%bd%d1%8f%d1%8e%d1%89%d0%b8%d0%b9-%d0%bb%d0%be%d1%81%d1%8c%d0%be%d0%bd-%d0%b4%d0%bb%d1%8f-%d1%82%d0%b5%d0%bb%d0%b0500%d0%bc\/"},"modified":"2025-03-09T00:00:45","modified_gmt":"2025-03-08T22:00:45","slug":"hydrating-body-lotion-memoires-dete-%d1%83%d0%b2%d0%bb%d0%b0%d0%b6%d0%bd%d1%8f%d1%8e%d1%89%d0%b8%d0%b9-%d0%bb%d0%be%d1%81%d1%8c%d0%be%d0%bd-%d0%b4%d0%bb%d1%8f-%d1%82%d0%b5%d0%bb%d0%b0500%d0%bc","status":"publish","type":"product","link":"https:\/\/mycream.ee\/ru\/\u043c\u0430\u0433\u0430\u0437\u0438\u043d\/hydrating-body-lotion-memoires-dete-%d1%83%d0%b2%d0%bb%d0%b0%d0%b6%d0%bd%d1%8f%d1%8e%d1%89%d0%b8%d0%b9-%d0%bb%d0%be%d1%81%d1%8c%d0%be%d0%bd-%d0%b4%d0%bb%d1%8f-%d1%82%d0%b5%d0%bb%d0%b0500%d0%bc\/","title":{"rendered":"ANNE SEMONIN HYDRATING BODY LOTION M\u00c9MOIRES D&#8217;\u00c9T\u00c9 &#8212; \u0443\u0432\u043b\u0430\u0436\u043d\u044f\u044e\u0449\u0438\u0439 \u043b\u043e\u0441\u044c\u043e\u043d \u0434\u043b\u044f \u0442\u0435\u043b\u0430,500\u043c\u043b"},"content":{"rendered":"<p><strong>\u041d\u0430\u0442\u0443\u0440\u0430\u043b\u044c\u043d\u043e\u0441\u0442\u044c \u043f\u0440\u043e\u0434\u0443\u043a\u0442\u0430 93%<\/strong><br \/>\n\u041e\u0440\u0438\u0433\u0438\u043d\u0430\u043b\u044c\u043d\u0430\u044f \u0444\u043e\u0440\u043c\u0443\u043b\u0430, \u043e\u0431\u044a\u0435\u0434\u0438\u043d\u0438\u0432\u0448\u0430\u044f \u043b\u0435\u0433\u043a\u043e\u0441\u0442\u044c \u0442\u0435\u043a\u0441\u0442\u0443\u0440\u044b \u0438 \u043c\u043e\u0449\u043d\u043e\u0435 \u043f\u0438\u0442\u0430\u0442\u0435\u043b\u044c\u043d\u043e\u0435 \u0434\u0435\u0439\u0441\u0442\u0432\u0438\u0435. \u041e\u0431\u0435\u0441\u043f\u0435\u0447\u0438\u0432\u0430\u0435\u0442 \u0438\u0441\u043a\u043b\u044e\u0447\u0438\u0442\u0435\u043b\u044c\u043d\u043e\u0435 \u0443\u0432\u043b\u0430\u0436\u043d\u0435\u043d\u0438\u0435 \u0438 \u0437\u0430\u0449\u0438\u0449\u0430\u0435\u0442 \u043a\u043e\u0436\u0443 \u043e\u0442 \u0441\u0443\u0445\u043e\u0441\u0442\u0438. \u0411\u043b\u0430\u0433\u043e\u0434\u0430\u0440\u044f \u0443\u043d\u0438\u0432\u0435\u0440\u0441\u0430\u043b\u044c\u043d\u043e\u0441\u0442\u0438, \u043f\u043e\u0434\u0445\u043e\u0434\u0438\u0442 \u0434\u043b\u044f \u0432\u0441\u0435\u0445 \u0442\u0438\u043f\u043e\u0432 \u043a\u043e\u0436\u0438.<br \/>\n<strong>\u041e\u0441\u043d\u043e\u0432\u043d\u044b\u0435 \u043a\u043e\u043c\u043f\u043e\u043d\u0435\u043d\u0442\u044b &#8212;\u00a0<\/strong><br \/>\n\u0421\u043e\u0435\u0432\u043e\u0435 \u043c\u0430\u0441\u043b\u043e: \u043f\u0438\u0442\u0430\u0435\u0442, \u0443\u0441\u0438\u043b\u0438\u0432\u0430\u0435\u0442 \u043d\u0430\u0442\u0443\u0440\u0430\u043b\u044c\u043d\u044b\u0439 \u0443\u0432\u043b\u0430\u0436\u043d\u044f\u044e\u0449\u0438\u0439 \u0444\u0430\u043a\u0442\u043e\u0440<\/p>\n<p><strong>\u042d\u043a\u0441\u0442\u0440\u0430\u043a\u0442 \u0433\u0440\u0435\u0439\u043f\u0444\u0440\u0443\u0442\u0430:<\/strong> \u0441\u043e\u0434\u0435\u0440\u0436\u0438\u0442 \u0432\u0438\u0442\u0430\u043c\u0438\u043d \u0421 \u0441\u043e \u0432\u0441\u0435\u043c\u0438 \u0435\u0433\u043e \u0430\u043d\u0442\u0438\u043e\u043a\u0441\u0438\u0434\u0430\u043d\u0442\u043d\u044b\u043c\u0438 \u043f\u0440\u0435\u0438\u043c\u0443\u0449\u0435\u0441\u0442\u0432\u0430\u043c\u0438, \u0443\u043a\u0440\u0435\u043f\u043b\u044f\u0435\u0442 \u043a\u043e\u0436\u0443 \u0438 \u0441\u0442\u0438\u043c\u0443\u043b\u0438\u0440\u0443\u0435\u0442 \u0435\u0441\u0442\u0435\u0441\u0442\u0432\u0435\u043d\u043d\u0443\u044e \u0432\u044b\u0440\u0430\u0431\u043e\u0442\u043a\u0443 \u043a\u043e\u043b\u043b\u0430\u0433\u0435\u043d\u0430, \u0432\u044b\u0440\u0430\u0432\u043d\u0438\u0432\u0430\u0435\u0442 \u043f\u0438\u0433\u043c\u0435\u043d\u0442\u0430\u0446\u0438\u044e.<\/p>\n<p><strong>\u042d\u043a\u0441\u0442\u0440\u0430\u043a\u0442 \u0432\u0438\u043d\u043e\u0433\u0440\u0430\u0434\u0430<\/strong>: \u0431\u043e\u0433\u0430\u0442\u044b\u0439 \u043f\u043e\u043b\u0438\u0444\u0435\u043d\u043e\u043b\u0430\u043c\u0438, \u0438\u0437\u0432\u0435\u0441\u0442\u043d\u044b\u0439 \u0441\u0432\u043e\u0438\u043c \u0430\u043d\u0442\u0438\u0432\u043e\u0437\u0440\u0430\u0441\u0442\u043d\u044b\u043c \u0434\u0435\u0439\u0441\u0442\u0432\u0438\u0435\u043c, \u043f\u043e\u0434\u0430\u0432\u043b\u044f\u0435\u0442 \u0434\u0435\u0439\u0441\u0442\u0432\u0438\u0435 \u0444\u0435\u0440\u043c\u0435\u043d\u0442\u043e\u0432, \u0440\u0430\u0437\u0440\u0443\u0448\u0430\u044e\u0449\u0438\u0445 \u0441\u043e\u0431\u0441\u0442\u0432\u0435\u043d\u043d\u044b\u0435 \u043a\u043e\u043b\u043b\u0430\u0433\u0435\u043d, \u044d\u043b\u0430\u0441\u0442\u0438\u043d \u0438 \u0433\u0438\u0430\u043b\u0443\u0440\u043e\u043d\u043e\u0432\u0443\u044e \u043a\u0438\u0441\u043b\u043e\u0442\u0443 \u043a\u043e\u0436\u0438.<\/p>\n<p><strong>\u042d\u043a\u0441\u0442\u0440\u0430\u043a\u0442 \u043c\u043e\u0440\u0441\u043a\u043e\u0433\u043e \u043a\u0440\u0438\u0442\u043c\u0443\u043c\u0430<\/strong>: \u043d\u0430\u0441\u0442\u043e\u044f\u0449\u0430\u044f \u0431\u0438\u0431\u043b\u0438\u043e\u0442\u0435\u043a\u0430 \u043c\u0438\u043d\u0435\u0440\u0430\u043b\u043e\u0432. \u041a\u0430\u043b\u0438\u0439, \u043c\u0430\u0440\u0433\u0430\u043d\u0435\u0446, \u0446\u0438\u043d\u043a, \u0436\u0435\u043b\u0435\u0437\u043e, \u043a\u043e\u043c\u043f\u043b\u0435\u043a\u0441 \u0432\u0438\u0442\u0430\u043c\u0438\u043d\u043e\u0432, \u0430\u043d\u0442\u0438\u043e\u043a\u0441\u0438\u0434\u0430\u043d\u0442\u043d\u0430\u044f \u0445\u043b\u043e\u0440\u043e\u0433\u0435\u043d\u043e\u0432\u0430\u044f \u043a\u0438\u0441\u043b\u043e\u0442\u0430 \u2013 \u043f\u043e \u0441\u0443\u0442\u0438 \u044d\u0442\u043e \u043b\u0443\u0447\u0448\u0438\u0439 \u0434\u0435\u0442\u043e\u043a\u0441-\u043a\u043e\u043c\u043f\u043e\u043d\u0435\u043d\u0442, \u043a\u043e\u0442\u043e\u0440\u044b\u0439 \u0443\u0441\u043a\u043e\u0440\u044f\u0435\u0442 \u0430\u0431\u0441\u043e\u043b\u044e\u0442\u043d\u043e \u0432\u0441\u0435 \u043f\u0440\u043e\u0446\u0435\u0441\u0441\u044b \u0432 \u043a\u043e\u0436\u0435, \u0432\u043a\u043b\u044e\u0447\u0430\u044f \u0432\u043e\u0441\u0441\u0442\u0430\u043d\u043e\u0432\u043b\u0435\u043d\u0438\u0435.<\/p>\n<p><strong>\u042d\u043a\u0441\u0442\u0440\u0430\u043a\u0442 \u0432\u043e\u0434\u043e\u0440\u043e\u0441\u043b\u0438 \u0443\u043b\u044c\u0432\u0430: <\/strong>\u0437\u0435\u043b\u0435\u043d\u0430\u044f \u0432\u043e\u0434\u043e\u0440\u043e\u0441\u043b\u044c, \u0431\u043e\u0433\u0430\u0442\u0430\u044f \u043c\u0438\u043a\u0440\u043e\u044d\u043b\u0435\u043c\u0435\u043d\u0442\u0430\u043c\u0438 \u0438 \u043c\u0438\u043d\u0435\u0440\u0430\u043b\u0430\u043c\u0438.<\/p>\n<p><strong>\u042d\u043a\u0441\u0442\u0440\u0430\u043a\u0442 \u043b\u0438\u0441\u0442\u044c\u0435\u0432 \u0437\u0435\u043b\u0435\u043d\u043e\u0433\u043e \u0447\u0430\u044f:<\/strong> \u0430\u043d\u0442\u0438\u043e\u043a\u0441\u0438\u0434\u0430\u043d\u0442, \u0443\u043a\u0440\u0435\u043f\u043b\u044f\u0435\u0442 \u043a\u043e\u0436\u0443 \u0438 \u0443\u043b\u0443\u0447\u0448\u0430\u0435\u0442 \u0435\u0435 \u044d\u043b\u0430\u0441\u0442\u0438\u0447\u043d\u043e\u0441\u0442\u044c.<\/p>\n<p><strong>\u0420\u0435\u0437\u0443\u043b\u044c\u0442\u0430\u0442\u044b &#8212;<\/strong><br \/>\n\u0420\u043e\u0441\u043a\u043e\u0448\u043d\u0430\u044f \u043b\u0435\u0433\u043a\u0430\u044f \u0442\u0435\u043a\u0441\u0442\u0443\u0440\u0430 \u043b\u043e\u0441\u044c\u043e\u043d\u0430 \u043c\u043e\u043c\u0435\u043d\u0442\u0430\u043b\u044c\u043d\u043e \u0443\u0432\u043b\u0430\u0436\u043d\u044f\u0435\u0442 \u043a\u043e\u0436\u0443, \u0434\u0430\u0440\u044f \u0435\u0439 \u0447\u0443\u0432\u0441\u0442\u0432\u043e \u043a\u043e\u043c\u0444\u043e\u0440\u0442\u0430 \u043d\u0430 \u0432\u0435\u0441\u044c \u0434\u0435\u043d\u044c.<\/p>\n<p><strong>\u0421\u043f\u043e\u0441\u043e\u0431 \u043f\u0440\u0438\u043c\u0435\u043d\u0435\u043d\u0438\u044f &#8212;<\/strong><br \/>\n\u041d\u0430\u043d\u0435\u0441\u0438\u0442\u0435 \u043d\u0430 \u0441\u0443\u0445\u0443\u044e \u0447\u0438\u0441\u0442\u0443\u044e \u043a\u043e\u0436\u0443 \u043f\u043e\u0441\u043b\u0435 \u0434\u0443\u0448\u0430 \u0438\u043b\u0438 \u0432\u0430\u043d\u043d\u044b, \u0440\u0430\u0441\u043f\u0440\u0435\u0434\u0435\u043b\u0438\u0442\u0435 \u043c\u0430\u0441\u0441\u0430\u0436\u043d\u044b\u043c\u0438 \u0434\u0432\u0438\u0436\u0435\u043d\u0438\u044f\u043c\u0438 \u0434\u043e \u043f\u043e\u043b\u043d\u043e\u0433\u043e \u0432\u043f\u0438\u0442\u044b\u0432\u0430\u043d\u0438\u044f.<\/p>\n<p>&nbsp;<\/p>\n<p>INGREDIENTS : AQUA (WATER\/EAU), OLUS OIL (VEGETABLE OIL \/ HUILE VEGETALE), ETHYLHEXYL STEARATE, GLYCERIN, C15-19 ALKANE, CETEARYL ALCOHOL, GLYCERYL STEARATE, PEG-100 STEARATE, PARFUM (FRAGRANCE), 1,2-HEXANEDIOL, HYDROGENATED VEGETABLE OIL, XANTHAN GUM, AMMONIUM ACRYLOYLDIMETHYLTAURATE\/VP COPOLYMER, BENZYL ALCOHOL, CHLORPHENESIN, CANDELILLA CERA (EUPHORBIA CERIFERA (CANDELILLA) WAX \/ CIRE DE CANDELILLA), LIMONENE, SODIUM BENZOATE, CAPRYLYL GLYCOL, ETHYLHEXYLGLYCERIN, CITRUS GRANDIS (GRAPEFRUIT) FRUIT EXTRACT, VITIS VINIFERA (GRAPE) FRUIT EXTRACT, TETRAMETHYL ACETYLOCTAHYDRONAPHTHALENES, PHYTIC ACID, CITRAL, CITRUS LIMON (LEMON) PEEL OIL, CITRONELLOL, GERANIOL, TOCOPHEROL, CRITHMUM MARITIMUM EXTRACT, CAMELLIA SINENSIS LEAF EXTRACT, HYDROXYCITRONELLAL, PINENE, CHONDRUS CRISPUS EXTRACT, ULVA LACTUCA EXTRACT, GLYCINE SOJA (SOYBEAN) OIL, SODIUM HYDROXIDE, TERPINEOL, CITRIC ACID, POGOSTEMON CABLIN OIL, LINALOOL, CARVONE, COUMARIN, LINALYL ACETATE, POTASSIUM SORBATE.<\/p>\n","protected":false},"excerpt":{"rendered":"<p>\u041d\u0430\u0442\u0443\u0440\u0430\u043b\u044c\u043d\u043e\u0441\u0442\u044c \u043f\u0440\u043e\u0434\u0443\u043a\u0442\u0430 93%<br \/>\n\u041e\u0440\u0438\u0433\u0438\u043d\u0430\u043b\u044c\u043d\u0430\u044f \u0444\u043e\u0440\u043c\u0443\u043b\u0430, \u043e\u0431\u044a\u0435\u0434\u0438\u043d\u0438\u0432\u0448\u0430\u044f \u043b\u0435\u0433\u043a\u043e\u0441\u0442\u044c \u0442\u0435\u043a\u0441\u0442\u0443\u0440\u044b \u0438 \u043c\u043e\u0449\u043d\u043e\u0435 \u043f\u0438\u0442\u0430\u0442\u0435\u043b\u044c\u043d\u043e\u0435 \u0434\u0435\u0439\u0441\u0442\u0432\u0438\u0435. \u041e\u0431\u0435\u0441\u043f\u0435\u0447\u0438\u0432\u0430\u0435\u0442 \u0438\u0441\u043a\u043b\u044e\u0447\u0438\u0442\u0435\u043b\u044c\u043d\u043e\u0435 \u0443\u0432\u043b\u0430\u0436\u043d\u0435\u043d\u0438\u0435 \u0438 \u0437\u0430\u0449\u0438\u0449\u0430\u0435\u0442 \u043a\u043e\u0436\u0443 \u043e\u0442 \u0441\u0443\u0445\u043e\u0441\u0442\u0438. \u0411\u043b\u0430\u0433\u043e\u0434\u0430\u0440\u044f \u0443\u043d\u0438\u0432\u0435\u0440\u0441\u0430\u043b\u044c\u043d\u043e\u0441\u0442\u0438, \u043f\u043e\u0434\u0445\u043e\u0434\u0438\u0442 \u0434\u043b\u044f \u0432\u0441\u0435\u0445 \u0442\u0438\u043f\u043e\u0432 \u043a\u043e\u0436\u0438.<\/p>\n","protected":false},"featured_media":888,"comment_status":"open","ping_status":"closed","template":"","meta":[],"product_brand":[],"product_cat":[80,79],"product_tag":[],"berocket_brand":[122],"class_list":{"0":"post-892","1":"product","2":"type-product","3":"status-publish","4":"has-post-thumbnail","6":"product_cat-80","7":"product_cat-79","8":"berocket_brand-anne-semonin-ru","10":"first","11":"instock","12":"taxable","13":"shipping-taxable","14":"purchasable","15":"product-type-simple"},"_links":{"self":[{"href":"https:\/\/mycream.ee\/ru\/wp-json\/wp\/v2\/product\/892","targetHints":{"allow":["GET"]}}],"collection":[{"href":"https:\/\/mycream.ee\/ru\/wp-json\/wp\/v2\/product"}],"about":[{"href":"https:\/\/mycream.ee\/ru\/wp-json\/wp\/v2\/types\/product"}],"replies":[{"embeddable":true,"href":"https:\/\/mycream.ee\/ru\/wp-json\/wp\/v2\/comments?post=892"}],"wp:featuredmedia":[{"embeddable":true,"href":"https:\/\/mycream.ee\/ru\/wp-json\/wp\/v2\/media\/888"}],"wp:attachment":[{"href":"https:\/\/mycream.ee\/ru\/wp-json\/wp\/v2\/media?parent=892"}],"wp:term":[{"taxonomy":"product_brand","embeddable":true,"href":"https:\/\/mycream.ee\/ru\/wp-json\/wp\/v2\/product_brand?post=892"},{"taxonomy":"product_cat","embeddable":true,"href":"https:\/\/mycream.ee\/ru\/wp-json\/wp\/v2\/product_cat?post=892"},{"taxonomy":"product_tag","embeddable":true,"href":"https:\/\/mycream.ee\/ru\/wp-json\/wp\/v2\/product_tag?post=892"},{"taxonomy":"berocket_brand","embeddable":true,"href":"https:\/\/mycream.ee\/ru\/wp-json\/wp\/v2\/berocket_brand?post=892"}],"curies":[{"name":"wp","href":"https:\/\/api.w.org\/{rel}","templated":true}]}}